{"id":643,"date":"2018-07-26T10:47:28","date_gmt":"2018-07-26T09:47:28","guid":{"rendered":"http:\/\/fireplace-installation.co.uk\/?page_id=643"},"modified":"2019-05-13T19:22:01","modified_gmt":"2019-05-13T18:22:01","slug":"instalacja-kominkow-cennik","status":"publish","type":"page","link":"https:\/\/fireplace-installation.co.uk\/pol\/instalacja-kominkow-cennik\/","title":{"rendered":"Instalacja komink\u00f3w &#8211; Cennik"},"content":{"rendered":"<p>[et_pb_section bb_built=&#8221;1&#8243; _builder_version=&#8221;3.0.106&#8243; background_color=&#8221;#e2d4b1&#8243; custom_padding=&#8221;54px|0px|208px|0px|false|false&#8221; bottom_divider_style=&#8221;slant2&#8243; bottom_divider_color=&#8221;#D4B17B&#8221; bottom_divider_height=&#8221;46px&#8221; next_background_color=&#8221;#000000&#8243; inner_width=&#8221;auto&#8221; inner_max_width=&#8221;none&#8221;][et_pb_row make_fullwidth=&#8221;on&#8221; use_custom_gutter=&#8221;on&#8221; gutter_width=&#8221;1&#8243; custom_padding=&#8221;27px|0px|27px|0&#8243; _builder_version=&#8221;3.0.106&#8243; background_color=&#8221;#DBC296&#8243; background_size=&#8221;initial&#8221; background_position=&#8221;top_left&#8221; background_repeat=&#8221;repeat&#8221; module_alignment=&#8221;center&#8221; animation_style=&#8221;slide&#8221; animation_direction=&#8221;left&#8221; module_class=&#8221; et_pb_row_fullwidth et_pb_row_fullwidth et_pb_row_fullwidth et_pb_row_fullwidth et_pb_row_fullwidth&#8221; width=&#8221;100%&#8221; width_tablet=&#8221;100%&#8221; width_last_edited=&#8221;on|desktop&#8221; max_width=&#8221;100%&#8221; max_width_tablet=&#8221;100%&#8221; max_width_last_edited=&#8221;on|desktop&#8221;][et_pb_column type=&#8221;4_4&#8243;][et_pb_text admin_label=&#8221;Cennik Text&#8221; _builder_version=&#8221;3.22.7&#8243; header_font_size=&#8221;34px&#8221; header_text_shadow_style=&#8221;preset4&#8243; text_text_shadow_horizontal_length=&#8221;text_text_shadow_style,%91object Object%93&#8243; text_text_shadow_vertical_length=&#8221;text_text_shadow_style,%91object Object%93&#8243; text_text_shadow_blur_strength=&#8221;text_text_shadow_style,%91object Object%93&#8243; link_text_shadow_horizontal_length=&#8221;link_text_shadow_style,%91object Object%93&#8243; link_text_shadow_vertical_length=&#8221;link_text_shadow_style,%91object Object%93&#8243; link_text_shadow_blur_strength=&#8221;link_text_shadow_style,%91object Object%93&#8243; ul_text_shadow_horizontal_length=&#8221;ul_text_shadow_style,%91object Object%93&#8243; ul_text_shadow_vertical_length=&#8221;ul_text_shadow_style,%91object Object%93&#8243; ul_text_shadow_blur_strength=&#8221;ul_text_shadow_style,%91object Object%93&#8243; ol_text_shadow_horizontal_length=&#8221;ol_text_shadow_style,%91object Object%93&#8243; ol_text_shadow_vertical_length=&#8221;ol_text_shadow_style,%91object Object%93&#8243; ol_text_shadow_blur_strength=&#8221;ol_text_shadow_style,%91object Object%93&#8243; quote_text_shadow_horizontal_length=&#8221;quote_text_shadow_style,%91object Object%93&#8243; quote_text_shadow_vertical_length=&#8221;quote_text_shadow_style,%91object Object%93&#8243; quote_text_shadow_blur_strength=&#8221;quote_text_shadow_style,%91object Object%93&#8243; header_2_text_shadow_horizontal_length=&#8221;header_2_text_shadow_style,%91object Object%93&#8243; header_2_text_shadow_vertical_length=&#8221;header_2_text_shadow_style,%91object Object%93&#8243; header_2_text_shadow_blur_strength=&#8221;header_2_text_shadow_style,%91object Object%93&#8243; header_3_text_shadow_horizontal_length=&#8221;header_3_text_shadow_style,%91object Object%93&#8243; header_3_text_shadow_vertical_length=&#8221;header_3_text_shadow_style,%91object Object%93&#8243; header_3_text_shadow_blur_strength=&#8221;header_3_text_shadow_style,%91object Object%93&#8243; header_4_text_shadow_horizontal_length=&#8221;header_4_text_shadow_style,%91object Object%93&#8243; header_4_text_shadow_vertical_length=&#8221;header_4_text_shadow_style,%91object Object%93&#8243; header_4_text_shadow_blur_strength=&#8221;header_4_text_shadow_style,%91object Object%93&#8243; header_5_text_shadow_horizontal_length=&#8221;header_5_text_shadow_style,%91object Object%93&#8243; header_5_text_shadow_vertical_length=&#8221;header_5_text_shadow_style,%91object Object%93&#8243; header_5_text_shadow_blur_strength=&#8221;header_5_text_shadow_style,%91object Object%93&#8243; header_6_text_shadow_horizontal_length=&#8221;header_6_text_shadow_style,%91object Object%93&#8243; header_6_text_shadow_vertical_length=&#8221;header_6_text_shadow_style,%91object Object%93&#8243; header_6_text_shadow_blur_strength=&#8221;header_6_text_shadow_style,%91object Object%93&#8243; z_index_tablet=&#8221;500&#8243;]<\/p>\n<h1 style=\"text-align: center;\">Cennik<\/h1>\n<p>[\/et_pb_text][\/et_pb_column][\/et_pb_row][et_pb_row _builder_version=&#8221;3.0.106&#8243; background_size=&#8221;initial&#8221; background_position=&#8221;top_left&#8221; background_repeat=&#8221;repeat&#8221; width=&#8221;80%&#8221; max_width=&#8221;1080px&#8221;][et_pb_column type=&#8221;4_4&#8243;][et_pb_divider show_divider=&#8221;off&#8221; _builder_version=&#8221;3.9&#8243; \/][et_pb_toggle admin_label=&#8221;1. Instalacja kominka&#8221; title=&#8221;1. Instalacja kominka&#8221; open=&#8221;on&#8221; icon_color=&#8221;#e09900&#8243; _builder_version=&#8221;3.22.7&#8243; title_level=&#8221;h2&#8243; body_text_align=&#8221;left&#8221; text_shadow_horizontal_length=&#8221;text_shadow_style,%91object Object%93&#8243; text_shadow_vertical_length=&#8221;text_shadow_style,%91object Object%93&#8243; text_shadow_blur_strength=&#8221;text_shadow_style,%91object Object%93&#8243; title_text_shadow_horizontal_length=&#8221;title_text_shadow_style,%91object Object%93&#8243; title_text_shadow_vertical_length=&#8221;title_text_shadow_style,%91object Object%93&#8243; title_text_shadow_blur_strength=&#8221;title_text_shadow_style,%91object Object%93&#8243; body_text_shadow_horizontal_length=&#8221;body_text_shadow_style,%91object Object%93&#8243; body_text_shadow_vertical_length=&#8221;body_text_shadow_style,%91object Object%93&#8243; body_text_shadow_blur_strength=&#8221;body_text_shadow_style,%91object Object%93&#8243; z_index_tablet=&#8221;500&#8243;]<\/p>\n<p><strong>Prace budowlane<\/strong> od \u00a3400<br \/> <strong>Zainstalowanie pieca i elastycznego przewodu kominowego ze stali nierdzewnej<\/strong> od \u00a3450<br \/> <strong>Zainstalowanie pieca i dwu\u015bciennej rury ze stali nierdzewnej z izolacj\u0105<\/strong> od \u00a3450<\/p>\n<p>[\/et_pb_toggle][et_pb_toggle admin_label=&#8221;2. Drewno  Toggle&#8221; title=&#8221;2. Drewno &#8221; icon_color=&#8221;#e09900&#8243; _builder_version=&#8221;3.22.7&#8243; title_level=&#8221;h2&#8243; body_text_align=&#8221;left&#8221; open=&#8221;on&#8221; text_shadow_horizontal_length=&#8221;text_shadow_style,%91object Object%93&#8243; text_shadow_vertical_length=&#8221;text_shadow_style,%91object Object%93&#8243; text_shadow_blur_strength=&#8221;text_shadow_style,%91object Object%93&#8243; title_text_shadow_horizontal_length=&#8221;title_text_shadow_style,%91object Object%93&#8243; title_text_shadow_vertical_length=&#8221;title_text_shadow_style,%91object Object%93&#8243; title_text_shadow_blur_strength=&#8221;title_text_shadow_style,%91object Object%93&#8243; body_text_shadow_horizontal_length=&#8221;body_text_shadow_style,%91object Object%93&#8243; body_text_shadow_vertical_length=&#8221;body_text_shadow_style,%91object Object%93&#8243; body_text_shadow_blur_strength=&#8221;body_text_shadow_style,%91object Object%93&#8243; z_index_tablet=&#8221;500&#8243;]<\/p>\n<p><strong>Sezonowane drewno drzew li\u015bciastych pakowane w du\u017ce worki<\/strong> 0,8\/0.9 m3 \u00a360<br \/> <strong>Cz\u0119\u015bciowo sezonowane drewno drzew li\u015bciastych pakowane w du\u017ce worki<\/strong> 0,8\/0.9 m3 \u00a350<br \/> <strong>Drewno suszone w suszarni pakowane w du\u017ce worki<\/strong> 0,8\/0.9 m3 \u00a380<br \/> <strong>Drewno dla w\u0119dzarni, piec\u00f3w na pizz\u0119 pakowane w du\u017ce worki<\/strong> 0,8\/0.9 m3 od \u00a360<br \/> <strong>Drewno na ognisko pakowane w du\u017ce worki<\/strong> 0,8\/0.9 m3 \u00a340<br \/> <strong>Drewno na rozpa\u0142k\u0119 pakowane w worki<\/strong> 5 kg \u00a35<br \/> <strong>Drewno na rozpa\u0142k\u0119 pakowane w du\u017ce worki<\/strong> 0,8\/0.9 m3 \u00a360<\/p>\n<p><strong>Builders bag \/ du\u017cy worek to w przybli\u017ceniu oko\u0142o<\/strong> 0,8 \/ 0,9 m3 metra sze\u015bciennego.<\/p>\n<p>Dost\u0119pna bezp\u0142atna dostawa w West Midlands!<\/p>\n<p>[\/et_pb_toggle][et_pb_toggle admin_label=&#8221;3. Czyszczenie komina Toggle&#8221; title=&#8221;3. Czyszczenie komina&#8221; icon_color=&#8221;#e09900&#8243; _builder_version=&#8221;3.22.7&#8243; title_level=&#8221;h2&#8243; body_text_align=&#8221;left&#8221; open=&#8221;on&#8221; text_shadow_horizontal_length=&#8221;text_shadow_style,%91object Object%93&#8243; text_shadow_vertical_length=&#8221;text_shadow_style,%91object Object%93&#8243; text_shadow_blur_strength=&#8221;text_shadow_style,%91object Object%93&#8243; title_text_shadow_horizontal_length=&#8221;title_text_shadow_style,%91object Object%93&#8243; title_text_shadow_vertical_length=&#8221;title_text_shadow_style,%91object Object%93&#8243; title_text_shadow_blur_strength=&#8221;title_text_shadow_style,%91object Object%93&#8243; body_text_shadow_horizontal_length=&#8221;body_text_shadow_style,%91object Object%93&#8243; body_text_shadow_vertical_length=&#8221;body_text_shadow_style,%91object Object%93&#8243; body_text_shadow_blur_strength=&#8221;body_text_shadow_style,%91object Object%93&#8243; z_index_tablet=&#8221;500&#8243;]<\/p>\n<p>Czyszczenie komina jest obowi\u0105zkowe w przypadku ubezpieczenia domu. Jego wykonanie jest wymagane przez firmy ubezpieczeniowe przynajmniej raz w roku!<\/p>\n<p><strong>Czyszczenie komina pieca opalanego drewnem<\/strong> od \u00a340<br \/>\n<strong>Czyszczenie komina pieca na pizz\u0119 opalanego drewnem<\/strong> od \u00a345<br \/>\n<strong>Czyszczenie komina \/ pieca opalanego drewnem z p\u0142aszczem wodnym<\/strong> od \u00a385<br \/>\n<strong>Czyszczenie komina (kominek z otwartym paleniskiem)<\/strong> od \u00a350<br \/>\n<strong>Czyszczenie komina usuwanie gniazd ptak\u00f3w (je\u015bli blokada mo\u017ce zosta\u0107 usuni\u0119ta w ci\u0105gu 1,5 godziny)<\/strong> \u00a345<br \/>\n<strong>Czyszczenie komina usuwanie gniazd ptak\u00f3w &#8211; dodatkowy czas za godzin\u0119<\/strong> \u00a325<br \/>\n<strong>Czyszczenie komina pieca kuchennego<\/strong> od \u00a345<br \/>\n<strong>Kontrola komina za pomoc\u0105 kamery CCTV<\/strong> od \u00a365<\/p>\n<p>Odkurzanie (wyczyszczenie) kominka oraz pomieszczenia jest darmowe (zawarte w cenie)!<\/p>\n<p><strong>Czyszczenie komina w dniu \u015blubu (cena czyszczenia)<\/strong> od \u00a340<br \/>\n<strong>Czyszczenie komina w dniu \u015blubu &#8211; sesja zdj\u0119ciowa<\/strong> \u00a360<\/p>\n<p>[\/et_pb_toggle][et_pb_toggle admin_label=&#8221;4. Konserwacja pieca opalanego drewnem i kominka Toggle&#8221; title=&#8221;4. Konserwacja pieca opalanego drewnem i kominka&#8221; icon_color=&#8221;#e09900&#8243; _builder_version=&#8221;3.22.7&#8243; title_level=&#8221;h2&#8243; body_text_align=&#8221;left&#8221; open=&#8221;on&#8221; text_shadow_horizontal_length=&#8221;text_shadow_style,%91object Object%93&#8243; text_shadow_vertical_length=&#8221;text_shadow_style,%91object Object%93&#8243; text_shadow_blur_strength=&#8221;text_shadow_style,%91object Object%93&#8243; title_text_shadow_horizontal_length=&#8221;title_text_shadow_style,%91object Object%93&#8243; title_text_shadow_vertical_length=&#8221;title_text_shadow_style,%91object Object%93&#8243; title_text_shadow_blur_strength=&#8221;title_text_shadow_style,%91object Object%93&#8243; body_text_shadow_horizontal_length=&#8221;body_text_shadow_style,%91object Object%93&#8243; body_text_shadow_vertical_length=&#8221;body_text_shadow_style,%91object Object%93&#8243; body_text_shadow_blur_strength=&#8221;body_text_shadow_style,%91object Object%93&#8243; z_index_tablet=&#8221;500&#8243;]<\/p>\n<p><strong>Konserwacja pieca opalanego drewnem i kominka<\/strong> od \u00a330<\/p>\n<p>Serwisowanie kominka jest wymagane przez producenta, ze wzgl\u0119du na utrzymanie wa\u017cno\u015bci gwarancji. Jest r\u00f3wnie\u017c potrzebne dla zachowania Twojego bezpiecze\u0144stwa!<\/p>\n<p>[\/et_pb_toggle][et_pb_toggle admin_label=&#8221;5. Instalacje gazowe Toggle&#8221; title=&#8221;5. Instalacje gazowe&#8221; icon_color=&#8221;#e09900&#8243; _builder_version=&#8221;3.22.7&#8243; title_level=&#8221;h2&#8243; body_text_align=&#8221;left&#8221; open=&#8221;on&#8221; text_shadow_horizontal_length=&#8221;text_shadow_style,%91object Object%93&#8243; text_shadow_vertical_length=&#8221;text_shadow_style,%91object Object%93&#8243; text_shadow_blur_strength=&#8221;text_shadow_style,%91object Object%93&#8243; title_text_shadow_horizontal_length=&#8221;title_text_shadow_style,%91object Object%93&#8243; title_text_shadow_vertical_length=&#8221;title_text_shadow_style,%91object Object%93&#8243; title_text_shadow_blur_strength=&#8221;title_text_shadow_style,%91object Object%93&#8243; body_text_shadow_horizontal_length=&#8221;body_text_shadow_style,%91object Object%93&#8243; body_text_shadow_vertical_length=&#8221;body_text_shadow_style,%91object Object%93&#8243; body_text_shadow_blur_strength=&#8221;body_text_shadow_style,%91object Object%93&#8243; z_index_tablet=&#8221;500&#8243;]<\/p>\n<p><strong>Instalacja kominka gazowego<\/strong> od \u00a3350<\/p>\n<p><strong>Instalacja pieca gazowego<\/strong> od \u00a3450<\/p>\n<p>[\/et_pb_toggle][\/et_pb_column][\/et_pb_row][\/et_pb_section][et_pb_section bb_built=&#8221;1&#8243; _builder_version=&#8221;3.19.17&#8243; background_color=&#8221;#e2d4b1&#8243; custom_padding=&#8221;54px|0px|6px|0px|false|false&#8221; bottom_divider_style=&#8221;slant2&#8243; bottom_divider_color=&#8221;#D4B17B&#8221; bottom_divider_height=&#8221;46px&#8221; prev_background_color=&#8221;#000000&#8243; inner_width=&#8221;auto&#8221; inner_max_width=&#8221;none&#8221; global_module=&#8221;1445&#8243;][et_pb_row global_parent=&#8221;1445&#8243; custom_padding=&#8221;27px|0px|0|0px|false|false&#8221; padding_bottom_1=&#8221;22px&#8221; _builder_version=&#8221;3.19.17&#8243; width=&#8221;80%&#8221; max_width=&#8221;1080px&#8221;][et_pb_column type=&#8221;4_4&#8243;][et_pb_text admin_label=&#8221;Nasze oddzia\u0142y: Text&#8221; global_parent=&#8221;1445&#8243; _builder_version=&#8221;3.19.17&#8243; background_color=&#8221;#DAC198&#8243; custom_margin=&#8221;|-20px||-20px&#8221; custom_padding=&#8221;10px|||10px&#8221;]<\/p>\n<h2>Nasze oddzia\u0142y:<\/h2>\n<p>[\/et_pb_text][\/et_pb_column][\/et_pb_row][et_pb_row global_parent=&#8221;1445&#8243; background_position=&#8221;top_left&#8221; background_repeat=&#8221;repeat&#8221; background_size=&#8221;initial&#8221; width=&#8221;80%&#8221; max_width=&#8221;1080px&#8221;][et_pb_column type=&#8221;1_6&#8243;][et_pb_text admin_label=&#8221;B33 9TN Text&#8221; global_parent=&#8221;1445&#8243; _builder_version=&#8221;3.19.17&#8243;]<\/p>\n<p><b>MK Solutions<\/b><br \/>\n<a href=\"https:\/\/g.co\/kgs\/zhG56k\"><b>Birmingham<\/b><\/a><br \/>\n68 Fordfield Rd<br \/>\nBirmingham<br \/>\nB33 9TN<\/p>\n<p>[\/et_pb_text][\/et_pb_column][et_pb_column type=&#8221;1_6&#8243;][et_pb_text admin_label=&#8221;B23 7RQ Text&#8221; global_parent=&#8221;1445&#8243; _builder_version=&#8221;3.19.17&#8243;]<\/p>\n<p><b>MK Solutions<\/b><br \/>\n<a href=\"https:\/\/g.co\/kgs\/xGof1p\"><b>Birmingham<\/b><\/a><br \/>\n11 St Thomas&#8217; Rd<br \/>\nBirmingham<br \/>\nB23 7RQ<\/p>\n<p>[\/et_pb_text][\/et_pb_column][et_pb_column type=&#8221;1_6&#8243;][et_pb_text admin_label=&#8221;WR5 1LF Text&#8221; global_parent=&#8221;1445&#8243; _builder_version=&#8221;3.19.17&#8243;]<\/p>\n<p><b>MK Solutions<\/b><br \/>\n<a href=\"https:\/\/g.co\/kgs\/HLqHeB\"><b>Worcester<\/b><\/a><br \/>\n1 Dart Rd<br \/>\nWorcester<br \/>\nWR5 1LF<\/p>\n<p>[\/et_pb_text][\/et_pb_column][et_pb_column type=&#8221;1_6&#8243;][et_pb_text admin_label=&#8221;B23 5UP Text&#8221; global_parent=&#8221;1445&#8243; _builder_version=&#8221;3.19.17&#8243;]<\/p>\n<p><b>MK Solutions<\/b><br \/>\n<a href=\"https:\/\/g.co\/kgs\/1PjZUq\"><b>Birmingham<\/b><\/a><br \/>\n18 Haigh Crescent Apartments<br \/>\nBirmingham<br \/>\nB23 5UP<\/p>\n<p>[\/et_pb_text][\/et_pb_column][et_pb_column type=&#8221;1_6&#8243;][\/et_pb_column][et_pb_column type=&#8221;1_6&#8243;][\/et_pb_column][\/et_pb_row][\/et_pb_section]<\/p>\n","protected":false},"excerpt":{"rendered":"<p>[et_pb_section bb_built=&#8221;1&#8243; _builder_version=&#8221;3.0.106&#8243; background_color=&#8221;#e2d4b1&#8243; custom_padding=&#8221;54px|0px|208px|0px|false|false&#8221; bottom_divider_style=&#8221;slant2&#8243; bottom_divider_color=&#8221;#D4B17B&#8221; bottom_divider_height=&#8221;46px&#8221; next_background_color=&#8221;#000000&#8243; inner_width=&#8221;auto&#8221; inner_max_width=&#8221;none&#8221;][et_pb_row make_fullwidth=&#8221;on&#8221; use_custom_gutter=&#8221;on&#8221; gutter_width=&#8221;1&#8243; custom_padding=&#8221;27px|0px|27px|0&#8243; _builder_version=&#8221;3.0.106&#8243; background_color=&#8221;#DBC296&#8243; background_size=&#8221;initial&#8221; background_position=&#8221;top_left&#8221; background_repeat=&#8221;repeat&#8221; module_alignment=&#8221;center&#8221; animation_style=&#8221;slide&#8221; animation_direction=&#8221;left&#8221; module_class=&#8221; et_pb_row_fullwidth et_pb_row_fullwidth et_pb_row_fullwidth et_pb_row_fullwidth et_pb_row_fullwidth&#8221; width=&#8221;100%&#8221; width_tablet=&#8221;100%&#8221; width_last_edited=&#8221;on|desktop&#8221; max_width=&#8221;100%&#8221; max_width_tablet=&#8221;100%&#8221; max_width_last_edited=&#8221;on|desktop&#8221;][et_pb_column type=&#8221;4_4&#8243;][et_pb_text admin_label=&#8221;Cennik Text&#8221; _builder_version=&#8221;3.22.7&#8243; header_font_size=&#8221;34px&#8221; header_text_shadow_style=&#8221;preset4&#8243; text_text_shadow_horizontal_length=&#8221;text_text_shadow_style,%91object Object%93&#8243; text_text_shadow_vertical_length=&#8221;text_text_shadow_style,%91object Object%93&#8243; text_text_shadow_blur_strength=&#8221;text_text_shadow_style,%91object Object%93&#8243; link_text_shadow_horizontal_length=&#8221;link_text_shadow_style,%91object Object%93&#8243; link_text_shadow_vertical_length=&#8221;link_text_shadow_style,%91object Object%93&#8243; link_text_shadow_blur_strength=&#8221;link_text_shadow_style,%91object Object%93&#8243; ul_text_shadow_horizontal_length=&#8221;ul_text_shadow_style,%91object Object%93&#8243; [&hellip;]<\/p>\n","protected":false},"author":1,"featured_media":0,"parent":0,"menu_order":0,"comment_status":"closed","ping_status":"open","template":"","meta":{"_et_pb_use_builder":"on","_et_pb_old_content":"","_et_gb_content_width":""},"_links":{"self":[{"href":"https:\/\/fireplace-installation.co.uk\/pol\/wp-json\/wp\/v2\/pages\/643"}],"collection":[{"href":"https:\/\/fireplace-installation.co.uk\/pol\/wp-json\/wp\/v2\/pages"}],"about":[{"href":"https:\/\/fireplace-installation.co.uk\/pol\/wp-json\/wp\/v2\/types\/page"}],"author":[{"embeddable":true,"href":"https:\/\/fireplace-installation.co.uk\/pol\/wp-json\/wp\/v2\/users\/1"}],"replies":[{"embeddable":true,"href":"https:\/\/fireplace-installation.co.uk\/pol\/wp-json\/wp\/v2\/comments?post=643"}],"version-history":[{"count":10,"href":"https:\/\/fireplace-installation.co.uk\/pol\/wp-json\/wp\/v2\/pages\/643\/revisions"}],"predecessor-version":[{"id":1907,"href":"https:\/\/fireplace-installation.co.uk\/pol\/wp-json\/wp\/v2\/pages\/643\/revisions\/1907"}],"wp:attachment":[{"href":"https:\/\/fireplace-installation.co.uk\/pol\/wp-json\/wp\/v2\/media?parent=643"}],"curies":[{"name":"wp","href":"https:\/\/api.w.org\/{rel}","templated":true}]}}