{"id":651,"date":"2018-07-26T11:05:21","date_gmt":"2018-07-26T10:05:21","guid":{"rendered":"http:\/\/fireplace-installation.co.uk\/?page_id=651"},"modified":"2019-05-18T21:28:03","modified_gmt":"2019-05-18T20:28:03","slug":"instalacja-kominkow-west-midlands","status":"publish","type":"page","link":"https:\/\/fireplace-installation.co.uk\/pol\/instalacja-kominkow-west-midlands\/","title":{"rendered":"Instalacja komink\u00f3w West Midlands"},"content":{"rendered":"<p>[et_pb_section bb_built=&#8221;1&#8243; _builder_version=&#8221;3.22.7&#8243; background_color=&#8221;#e2d4b1&#8243; custom_padding=&#8221;||4px|||&#8221; next_background_color=&#8221;#000000&#8243; z_index_tablet=&#8221;500&#8243;][et_pb_row use_custom_gutter=&#8221;on&#8221; gutter_width=&#8221;1&#8243; custom_padding=&#8221;27px|0px|27px|0&#8243; custom_margin=&#8221;|auto|60px|auto||&#8221; module_class=&#8221; et_pb_row_fullwidth&#8221; _builder_version=&#8221;3.22.3&#8243; background_color=&#8221;#DBC296&#8243; background_size=&#8221;initial&#8221; background_position=&#8221;top_left&#8221; background_repeat=&#8221;repeat&#8221; width=&#8221;100%&#8221; width_tablet=&#8221;100%&#8221; width_last_edited=&#8221;on|desktop&#8221; max_width=&#8221;100%&#8221; max_width_tablet=&#8221;100%&#8221; max_width_last_edited=&#8221;on|desktop&#8221; module_alignment=&#8221;center&#8221; animation_style=&#8221;slide&#8221; animation_direction=&#8221;left&#8221; make_fullwidth=&#8221;on&#8221;][et_pb_column type=&#8221;4_4&#8243;][et_pb_text admin_label=&#8221;Instalacja komink\u00f3w Text&#8221; _builder_version=&#8221;3.22.7&#8243; header_font_size=&#8221;34px&#8221; header_text_shadow_style=&#8221;preset4&#8243; z_index_tablet=&#8221;500&#8243;]<\/p>\n<h1 style=\"text-align: center;\">Instalacja komink\u00f3w<\/h1>\n<p>[\/et_pb_text][\/et_pb_column][\/et_pb_row][et_pb_row custom_padding=&#8221;0px||36px|||&#8221; custom_margin=&#8221;|auto|-33px|auto||&#8221; module_id=&#8221;buildingwork&#8221; _builder_version=&#8221;3.22.3&#8243; background_size=&#8221;initial&#8221; background_position=&#8221;top_left&#8221; background_repeat=&#8221;repeat&#8221;][et_pb_column type=&#8221;4_4&#8243;][et_pb_text admin_label=&#8221;Instalacja komink\u00f3w to z\u0142o\u017cony proces Text&#8221; _builder_version=&#8221;3.22.7&#8243; custom_margin=&#8221;||-3px|||&#8221; custom_padding=&#8221;0px|||||&#8221; z_index_tablet=&#8221;500&#8243;]<\/p>\n<h2 style=\"text-align: center;\">Instalacja komink\u00f3w, czy piec\u00f3w to z\u0142o\u017cony proces. Sk\u0142ada si\u0119 na niego wielu r\u00f3\u017cnych prac, kt\u00f3re musz\u0105 by\u0107 wykonane w odpowiedniej kolejno\u015bci.<\/h2>\n<p>&nbsp;<\/p>\n<h3>Na samym pocz\u0105tku wykonuje si\u0119 konieczne prace budowlane. Nast\u0119pnie montowany jest kominek lub piec wolnostoj\u0105cy lub jako wk\u0142ad. Do niego pod\u0142\u0105czany jest Flex Flue Liner, czyli elastyczny wk\u0142ad ze stali nierdzewnej. Na koniec to wszystko to musi by\u0107 pod\u0142\u0105czone do komina wykonanego z dwu\u015bciennej rury ze stali nierdzewnej z izolacj\u0105 \/ Twin Wall.<\/h3>\n<p>[\/et_pb_text][\/et_pb_column][\/et_pb_row][et_pb_row use_custom_gutter=&#8221;on&#8221; gutter_width=&#8221;2&#8243; custom_padding=&#8221;39px|0px|65px|0px|false|false&#8221; _builder_version=&#8221;3.22.7&#8243; background_size=&#8221;initial&#8221; background_position=&#8221;top_left&#8221; background_repeat=&#8221;repeat&#8221; module_alignment=&#8221;center&#8221; z_index_tablet=&#8221;500&#8243;][et_pb_column type=&#8221;1_4&#8243;][et_pb_jt_material_blurb url=&#8221;#buildingwork&#8221; use_button=&#8221;off&#8221; image=&#8221;https:\/\/fireplace-installation.co.uk\/pol\/wp-content\/uploads\/2018\/08\/Prace-budowlane-uk-mk-solutions.jpg&#8221; use_hover_image=&#8221;on&#8221; image_hover=&#8221;https:\/\/fireplace-installation.co.uk\/pol\/wp-content\/uploads\/2018\/08\/Prace-budowlane-uk-mk-solutions-uk.jpg&#8221; elevation=&#8221;0&#8243; use_hover_elevation=&#8221;off&#8221; _builder_version=&#8221;3.10.2&#8243; title_font_size_tablet=&#8221;51&#8243; title_line_height_tablet=&#8221;2&#8243; body_font_size_tablet=&#8221;51&#8243; body_line_height_tablet=&#8221;2&#8243;]<\/p>\n<p>[\/et_pb_jt_material_blurb][\/et_pb_column][et_pb_column type=&#8221;1_4&#8243;][et_pb_jt_material_blurb url=&#8221;#stoveinstall&#8221; use_button=&#8221;off&#8221; image=&#8221;https:\/\/fireplace-installation.co.uk\/pol\/wp-content\/uploads\/2018\/08\/instalacja-kominka-uk-mk-solutions.jpg&#8221; use_hover_image=&#8221;on&#8221; image_hover=&#8221;https:\/\/fireplace-installation.co.uk\/pol\/wp-content\/uploads\/2018\/08\/instalacja-kominka-uk-mk-solutions-uk.jpg&#8221; elevation=&#8221;0&#8243; use_hover_elevation=&#8221;off&#8221; _builder_version=&#8221;3.10.2&#8243; title_font_size_tablet=&#8221;51&#8243; title_line_height_tablet=&#8221;2&#8243; body_font_size_tablet=&#8221;51&#8243; body_line_height_tablet=&#8221;2&#8243;]<\/p>\n<p>[\/et_pb_jt_material_blurb][\/et_pb_column][et_pb_column type=&#8221;1_4&#8243;][et_pb_jt_material_blurb url=&#8221;#flueliner&#8221; use_button=&#8221;off&#8221; image=&#8221;https:\/\/fireplace-installation.co.uk\/pol\/wp-content\/uploads\/2018\/08\/Elastyczny-wk\u0142ad-kominowy-gdzie-kupic-mk-solutions.jpg&#8221; use_hover_image=&#8221;on&#8221; image_hover=&#8221;https:\/\/fireplace-installation.co.uk\/pol\/wp-content\/uploads\/2018\/08\/Elastyczny-wk\u0142ad-kominowy-gdzie-kupic-mk-solutions-uk.jpg&#8221; elevation=&#8221;0&#8243; use_hover_elevation=&#8221;off&#8221; _builder_version=&#8221;3.10.2&#8243; title_font_size_tablet=&#8221;51&#8243; title_line_height_tablet=&#8221;2&#8243; body_font_size_tablet=&#8221;51&#8243; body_line_height_tablet=&#8221;2&#8243;]<\/p>\n<p>[\/et_pb_jt_material_blurb][\/et_pb_column][et_pb_column type=&#8221;1_4&#8243;][et_pb_jt_material_blurb url=&#8221;#twinwall&#8221; use_button=&#8221;off&#8221; image=&#8221;https:\/\/fireplace-installation.co.uk\/pol\/wp-content\/uploads\/2018\/08\/Systemy-kominowe-Twin-Wall-montaz-mk-solutions.jpg&#8221; use_hover_image=&#8221;on&#8221; image_hover=&#8221;https:\/\/fireplace-installation.co.uk\/pol\/wp-content\/uploads\/2018\/08\/Systemy-kominowe-Twin-Wall-mk-solutions-uk.jpg&#8221; elevation=&#8221;0&#8243; use_hover_elevation=&#8221;off&#8221; _builder_version=&#8221;3.10.2&#8243; title_font_size_tablet=&#8221;51&#8243; title_line_height_tablet=&#8221;2&#8243; body_font_size_tablet=&#8221;51&#8243; body_line_height_tablet=&#8221;2&#8243;]<\/p>\n<p>[\/et_pb_jt_material_blurb][\/et_pb_column][\/et_pb_row][\/et_pb_section][et_pb_section bb_built=&#8221;1&#8243; _builder_version=&#8221;3.22.3&#8243; background_color=&#8221;#e2d4b1&#8243; custom_padding=&#8221;0px|0px|111px|0px|false|false&#8221; bottom_divider_style=&#8221;slant2&#8243; bottom_divider_color=&#8221;#D4B17B&#8221; bottom_divider_height=&#8221;46px&#8221; prev_background_color=&#8221;#000000&#8243; next_background_color=&#8221;#000000&#8243;][et_pb_row custom_padding=&#8221;0px|||||&#8221; module_id=&#8221;buildingwork&#8221; _builder_version=&#8221;3.22.3&#8243; background_size=&#8221;initial&#8221; background_position=&#8221;top_left&#8221; background_repeat=&#8221;repeat&#8221;][et_pb_column type=&#8221;4_4&#8243;][et_pb_text _builder_version=&#8221;3.10.2&#8243;]<\/p>\n<h2>Prace budowlane<\/h2>\n<p>Aby poprawnie zainstalowa\u0107 ka\u017cdy kominek, czy piec nale\u017cy najpierw odpowiednio przygotowa\u0107 miejsce w kt\u00f3rym b\u0119dzie on zamontowany.<br \/>Nale\u017cy to zrobi\u0107 zawsze zgodnie z obowi\u0105zuj\u0105cymi normami budowlanymi i instrukcj\u0105 obs\u0142ugi danego typu kominka, czy pieca.<\/p>\n<h4>Zazwyczaj trzeba b\u0119dzie wykona\u0107 nast\u0119puj\u0105ce prace:<\/h4>\n<p>\u2022 zwi\u0119kszy\u0107 otwarcie komina, dostosowanie otworu kominowego do rozmiaru kominka, czy pieca,<br \/>\u2022 zainstalowa\u0107 nadpro\u017ce,<br \/> \u2022 zainstalowa\u0107 stalow\u0105 p\u0142yt\u0119 zamykaj\u0105c\u0105 komin,<br \/> \u2022 zainstalowa\u0107 p\u0142yt\u0119 z materia\u0142u niepalnego z przodu pieca \/ kominka,<br \/>\u2022 zainstalowa\u0107 drewnian\u0105 belk\u0119 nad kominkiem (opcjonalne)<br \/>\u2022 zainstalowa\u0107 inne niepalne materia\u0142y i tak dalej.<\/p>\n<p>Aby obni\u017cy\u0107 koszt monta\u017cu, cz\u0119\u015b\u0107 tych prac mo\u017cna wykona\u0107 samemu.<\/p>\n<blockquote>\n<h4>Prosimy o kontakt z nami przed rozpocz\u0119ciem tych prac, aby upewni\u0107 si\u0119 jakie warunki techniczne musz\u0105 zosta\u0107 spe\u0142nione, patrz: odleg\u0142o\u015bci, materia\u0142y, itp.\u00a0<\/h4>\n<\/blockquote>\n<p>Aby uzyska\u0107 wi\u0119cej informacji, skontaktuj si\u0119 z nami &#8211; <strong><a href=\"https:\/\/fireplace-installation.co.uk\/pol\/pl\/instalacja-kominkow-west-midlands-kontakt\/\">Kontakt<\/a><\/strong><\/p>\n<p>[\/et_pb_text][\/et_pb_column][\/et_pb_row][et_pb_row _builder_version=&#8221;3.22.3&#8243;][et_pb_column type=&#8221;4_4&#8243;][et_pb_gallery gallery_ids=&#8221;438,439,440,436,434,437,441,435&#8243; show_title_and_caption=&#8221;off&#8221; show_pagination=&#8221;off&#8221; zoom_icon_color=&#8221;#e09900&#8243; hover_overlay_color=&#8221;rgba(255,255,255,0.09)&#8221; hover_icon=&#8221;%%51%%&#8221; _builder_version=&#8221;3.9&#8243; border_radii=&#8221;on|6px|6px|6px|6px&#8221; max_width=&#8221;101%&#8221; module_alignment=&#8221;center&#8221; custom_margin=&#8221;|||&#8221;]<\/p>\n<p>[\/et_pb_gallery][\/et_pb_column][\/et_pb_row][et_pb_row custom_padding=&#8221;||19px|||&#8221; _builder_version=&#8221;3.22.3&#8243;][et_pb_column type=&#8221;4_4&#8243;][et_pb_divider color=&#8221;#e09900&#8243; _builder_version=&#8221;3.9&#8243;]<\/p>\n<p>[\/et_pb_divider][\/et_pb_column][\/et_pb_row][et_pb_row custom_padding=&#8221;0px|||||&#8221; module_id=&#8221;stoveinstall&#8221; _builder_version=&#8221;3.22.3&#8243;][et_pb_column type=&#8221;4_4&#8243;][et_pb_text _builder_version=&#8221;3.10.2&#8243; custom_padding=&#8221;0px|||||&#8221;]<\/p>\n<h2>Instalacja komink\u00f3w i piec\u00f3w<\/h2>\n<p>Najpowszechniejszy zestaw krok\u00f3w do instalacji kominka lub pieca opalanego drewnem<\/p>\n<h4>Zazwyczaj trzeba b\u0119dzie wykona\u0107 nast\u0119puj\u0105ce prace:<\/h4>\n<p>\u2022 umie\u015b\u0107 \u0142\u0105cznik rury kominowej w kominku lub piecu opalanym drewnem, bezpo\u015brednio w \u015brodku otworu p\u0142yty stalowej zamykaj\u0105cej kominy,<br \/> \u2022 po\u0142\u0105czy\u0107 rur\u0119 i adapter do elastycznego wk\u0142adu ze stali nierdzewnej lub systemu Twin Wall \/ dwu\u015bcienn\u0105 rur\u0119 ze stali nierdzewnej z izolacj\u0105,<br \/> \u2022 zainstalowa\u0107 elastyczny wk\u0142ad ze stali nierdzewnej lub system Twin Wall \/ dwu\u015bcienn\u0105 rur\u0119 ze stali nierdzewnej z izolacj\u0105,<br \/> \u2022 zainstalowa\u0107 daszek z os\u0142on\u0105 na ptaki do elastycznego wk\u0142adu kominowego lub systemu Twin Wall \/ dwu\u015bciennej rury ze stali nierdzewnej z izolacj\u0105,<br \/> \u2022 zainstalowa\u0107 tabliczk\u0119 z danymi technicznymi i zarejestrowa\u0107 kominek w Hetas.<\/p>\n<blockquote>\n<p>O instalacji komink\u00f3w lub piec\u00f3w wi\u0119cej mo\u017cna przeczyta\u0107 na stronie <strong><a href=\"https:\/\/fireplace-installation.co.uk\/pol\/pl\/mk-solutions-nasze-prace\/\">Nasze Prace<\/a><\/strong>.<\/p>\n<\/blockquote>\n<p>Aby uzyska\u0107 wi\u0119cej informacji, skontaktuj si\u0119 z nami &#8211; <strong><a href=\"https:\/\/fireplace-installation.co.uk\/pol\/pl\/instalacja-kominkow-west-midlands-kontakt\/\">Kontakt<\/a><\/strong><\/p>\n<p>[\/et_pb_text][\/et_pb_column][\/et_pb_row][et_pb_row _builder_version=&#8221;3.22.3&#8243;][et_pb_column type=&#8221;4_4&#8243;][et_pb_gallery gallery_ids=&#8221;442,443,444,445&#8243; show_title_and_caption=&#8221;off&#8221; show_pagination=&#8221;off&#8221; zoom_icon_color=&#8221;#e09900&#8243; hover_overlay_color=&#8221;rgba(255,255,255,0.09)&#8221; hover_icon=&#8221;%%51%%&#8221; _builder_version=&#8221;3.9&#8243; border_radii=&#8221;on|6px|6px|6px|6px&#8221; max_width=&#8221;101%&#8221; module_alignment=&#8221;center&#8221; custom_margin=&#8221;|||&#8221;]<\/p>\n<p>[\/et_pb_gallery][\/et_pb_column][\/et_pb_row][et_pb_row _builder_version=&#8221;3.22.3&#8243;][et_pb_column type=&#8221;4_4&#8243;][et_pb_divider color=&#8221;#e09900&#8243; _builder_version=&#8221;3.9&#8243;]<\/p>\n<p>[\/et_pb_divider][\/et_pb_column][\/et_pb_row][et_pb_row custom_padding=&#8221;0px|||||&#8221; module_id=&#8221;flueliner&#8221; _builder_version=&#8221;3.22.3&#8243;][et_pb_column type=&#8221;4_4&#8243;][et_pb_text _builder_version=&#8221;3.10.2&#8243;]<\/p>\n<h2>Flex Flue Liner \/ Elastyczny wk\u0142ad ze stali nierdzewnej<\/h2>\n<p>Flex Flue Liner \/ Elastyczny wk\u0142ad ze stali nierdzewnej jest jednym z najcz\u0119\u015bciej u\u017cywanych rozwi\u0105za\u0144 przy monta\u017cu kominka. Zabezpiecza ono przed wydostawaniem si\u0119 dwutlenku w\u0119gla przez nieszczelno\u015bci znajduj\u0105ce si\u0119 w zaprawie po mi\u0119dzy ceg\u0142ami kominowymi. Chroni to r\u00f3wnie\u017c przed bezpo\u015brednim dzia\u0142aniem ciep\u0142a, a wi\u0119c izoluje i zabezpiecza przed powstawaniem nowych p\u0119kni\u0119\u0107.<\/p>\n<blockquote>\n<p><strong>Flex Flue Liner jest jednym z najlepszych i najbardziej niezawodnych sposob\u00f3w, aby zabezpieczy\u0107 Ciebie i Tw\u00f3j dom przed bardzo niebezpiecznym dzia\u0142aniem dwutlenku w\u0119gla!<\/strong><\/p>\n<\/blockquote>\n<h3>Standard Single Wall Flexible Flue Liner i Twin Wall Flexible Flue Liner<\/h3>\n<h4>Wyr\u00f3\u017cniamy r\u00f3wnie\u017c dwa typy elastycznych wk\u0142ad\u00f3w ze stali nierdzewnej:<\/h4>\n<ul>\n<li>Standard Single Wall Flexible Flue Liner \/ Standardowy elastyczny wk\u0142ad ze stali nierdzewnej z pojedyncz\u0105 \u015bciank\u0105,<\/li>\n<li>Twin Wall Flexible Flue Liner \/ elastyczny wk\u0142ad ze stali nierdzewnej z podw\u00f3jn\u0105 \u015bciank\u0105.<\/li>\n<\/ul>\n<h3>Gwarancje i normy bran\u017cowe<\/h3>\n<p>Do wykonania Flex Flue Liner \/ elastycznego wk\u0142adu ze stali nierdzewnej u\u017cywane s\u0105 przewa\u017cnie dwa typy stali nierdzewnej (316 i 904).\u00a0<\/p>\n<p>W zale\u017cno\u015bci od modelu, stali i konstrukcji przewodu okres gwarancji waha si\u0119 pomi\u0119dzy 10 a 15 lat. Wszystkie przewody kominowe s\u0105 sprzedawane z gwarancj\u0105 producenta. Obowi\u0105zuj\u0105 oczywi\u015bcie warunki i postanowienia.<\/p>\n<blockquote>\n<h4>Komin powinien by\u0107 czyszczony nie rzadziej ni\u017c raz w roku przez osoby upowa\u017cnione.<\/h4>\n<h4>Zawsze tylko odpowiednie paliwa musz\u0105 zosta\u0107 u\u017cyte zgodnie ze specyfikacj\u0105 danego komina.<\/h4>\n<\/blockquote>\n<p>Aby uzyska\u0107 wi\u0119cej informacji, skontaktuj si\u0119 z nami &#8211; <strong><a href=\"https:\/\/fireplace-installation.co.uk\/pol\/pl\/instalacja-kominkow-west-midlands-kontakt\/\">Kontakt<\/a><\/strong><\/p>\n<p>[\/et_pb_text][\/et_pb_column][\/et_pb_row][et_pb_row _builder_version=&#8221;3.22.3&#8243;][et_pb_column type=&#8221;4_4&#8243;][et_pb_gallery gallery_ids=&#8221;452,447,450,449&#8243; show_title_and_caption=&#8221;off&#8221; show_pagination=&#8221;off&#8221; zoom_icon_color=&#8221;#e09900&#8243; hover_overlay_color=&#8221;rgba(255,255,255,0.09)&#8221; hover_icon=&#8221;%%51%%&#8221; _builder_version=&#8221;3.9&#8243; border_radii=&#8221;on|6px|6px|6px|6px&#8221; max_width=&#8221;101%&#8221; module_alignment=&#8221;center&#8221; custom_margin=&#8221;|||&#8221;]<\/p>\n<p>[\/et_pb_gallery][\/et_pb_column][\/et_pb_row][et_pb_row _builder_version=&#8221;3.22.3&#8243;][et_pb_column type=&#8221;4_4&#8243;][et_pb_divider color=&#8221;#e09900&#8243; _builder_version=&#8221;3.9&#8243;]<\/p>\n<p>[\/et_pb_divider][\/et_pb_column][\/et_pb_row][et_pb_row custom_padding=&#8221;0px|||||&#8221; module_id=&#8221;twinwall&#8221; _builder_version=&#8221;3.22.3&#8243;][et_pb_column type=&#8221;4_4&#8243;][et_pb_text _builder_version=&#8221;3.10.2&#8243;]<\/p>\n<h2>Twin Wall \/ Dwu\u015bcienna rura ze stali nierdzewnej z izolacj\u0105<\/h2>\n<p>Systemy kominowe Twin Wall \/ dwu\u015bcienna rura ze stali nierdzewnej z izolacj\u0105, s\u0105 stosowane w przypadku braku komina w pomieszczeniu, w kt\u00f3rym planowane jest instalowanie urz\u0105dzenia grzewczego typu Wood Stove Log Burner \/ piec opalany drewnem, kominek.<\/p>\n<h3>Zewn\u0119trzne i wewn\u0119trzne systemy kominowe Twin Wall<\/h3>\n<p>Systemy kominowe Twin Wall \/ dwu\u015bcienna rura ze stali nierdzewnej z izolacj\u0105, dzielimy na:<\/p>\n<ul>\n<li>systemy kominowe zewn\u0119trzne,<\/li>\n<li>systemy kominowe wewn\u0119trzne.<\/li>\n<\/ul>\n<p>External System \/ System Zewn\u0119trzny znaczy, \u017ce komin znajduje si\u0119 na zewn\u0105trz budynku.<\/p>\n<p>Internal System \/ System Wewn\u0119trzny znaczy, \u017ce komin znajduje si\u0119 wewn\u0105trz budynku i przebiega przez strop sufitu oraz dach.<\/p>\n<p>R\u00f3\u017cnice pomi\u0119dzy tymi dwoma systemami mo\u017cna zaobserwowa\u0107 na przyk\u0142adowych zdj\u0119ciach zamieszczonych na naszej stronie.<\/p>\n<blockquote>\n<h4>Wszystkie systemy kominowe musz\u0105 by\u0107 montowane przez wykwalifikowan\u0105 osob\u0119, zgodnie z normami budowlanymi i instrukcj\u0105 obs\u0142ugi.<\/h4>\n<\/blockquote>\n<p>Aby uzyska\u0107 wi\u0119cej informacji, skontaktuj si\u0119 z nami &#8211; <strong><a href=\"https:\/\/fireplace-installation.co.uk\/pol\/pl\/instalacja-kominkow-west-midlands-kontakt\/\">Kontakt<\/a><\/strong><\/p>\n<p>[\/et_pb_text][\/et_pb_column][\/et_pb_row][et_pb_row _builder_version=&#8221;3.22.3&#8243;][et_pb_column type=&#8221;4_4&#8243;][et_pb_gallery gallery_ids=&#8221;453,454,455,456,457,458,459,460,461,462,463,464,465&#8243; posts_number=&#8221;12&#8243; show_title_and_caption=&#8221;off&#8221; show_pagination=&#8221;off&#8221; zoom_icon_color=&#8221;#e09900&#8243; hover_overlay_color=&#8221;rgba(255,255,255,0.09)&#8221; hover_icon=&#8221;%%51%%&#8221; _builder_version=&#8221;3.9&#8243; border_radii=&#8221;on|6px|6px|6px|6px&#8221; max_width=&#8221;101%&#8221; module_alignment=&#8221;center&#8221; custom_margin=&#8221;|||&#8221;]<\/p>\n<p>[\/et_pb_gallery][\/et_pb_column][\/et_pb_row][\/et_pb_section][et_pb_section bb_built=&#8221;1&#8243; _builder_version=&#8221;3.19.17&#8243; background_color=&#8221;#e2d4b1&#8243; custom_padding=&#8221;54px|0px|6px|0px|false|false&#8221; bottom_divider_style=&#8221;slant2&#8243; bottom_divider_color=&#8221;#D4B17B&#8221; bottom_divider_height=&#8221;46px&#8221; prev_background_color=&#8221;#000000&#8243; inner_width=&#8221;auto&#8221; inner_max_width=&#8221;none&#8221; global_module=&#8221;1445&#8243;][et_pb_row global_parent=&#8221;1445&#8243; custom_padding=&#8221;27px|0px|0|0px|false|false&#8221; padding_bottom_1=&#8221;22px&#8221; _builder_version=&#8221;3.19.17&#8243; width=&#8221;80%&#8221; max_width=&#8221;1080px&#8221;][et_pb_column type=&#8221;4_4&#8243;][et_pb_text admin_label=&#8221;Nasze oddzia\u0142y: Text&#8221; global_parent=&#8221;1445&#8243; _builder_version=&#8221;3.19.17&#8243; background_color=&#8221;#DAC198&#8243; custom_margin=&#8221;|-20px||-20px&#8221; custom_padding=&#8221;10px|||10px&#8221;]<\/p>\n<h2>Nasze oddzia\u0142y:<\/h2>\n<p>[\/et_pb_text][\/et_pb_column][\/et_pb_row][et_pb_row global_parent=&#8221;1445&#8243; background_position=&#8221;top_left&#8221; background_repeat=&#8221;repeat&#8221; background_size=&#8221;initial&#8221; width=&#8221;80%&#8221; max_width=&#8221;1080px&#8221;][et_pb_column type=&#8221;1_6&#8243;][et_pb_text admin_label=&#8221;B33 9TN Text&#8221; global_parent=&#8221;1445&#8243; _builder_version=&#8221;3.19.17&#8243;]<\/p>\n<p><b>MK Solutions<\/b><br \/>\n<a href=\"https:\/\/g.co\/kgs\/zhG56k\"><b>Birmingham<\/b><\/a><br \/>\n68 Fordfield Rd<br \/>\nBirmingham<br \/>\nB33 9TN<\/p>\n<p>[\/et_pb_text][\/et_pb_column][et_pb_column type=&#8221;1_6&#8243;][et_pb_text admin_label=&#8221;B23 7RQ Text&#8221; global_parent=&#8221;1445&#8243; _builder_version=&#8221;3.19.17&#8243;]<\/p>\n<p><b>MK Solutions<\/b><br \/>\n<a href=\"https:\/\/g.co\/kgs\/xGof1p\"><b>Birmingham<\/b><\/a><br \/>\n11 St Thomas&#8217; Rd<br \/>\nBirmingham<br \/>\nB23 7RQ<\/p>\n<p>[\/et_pb_text][\/et_pb_column][et_pb_column type=&#8221;1_6&#8243;][et_pb_text admin_label=&#8221;WR5 1LF Text&#8221; global_parent=&#8221;1445&#8243; _builder_version=&#8221;3.19.17&#8243;]<\/p>\n<p><b>MK Solutions<\/b><br \/>\n<a href=\"https:\/\/g.co\/kgs\/HLqHeB\"><b>Worcester<\/b><\/a><br \/>\n1 Dart Rd<br \/>\nWorcester<br \/>\nWR5 1LF<\/p>\n<p>[\/et_pb_text][\/et_pb_column][et_pb_column type=&#8221;1_6&#8243;][et_pb_text admin_label=&#8221;B23 5UP Text&#8221; global_parent=&#8221;1445&#8243; _builder_version=&#8221;3.19.17&#8243;]<\/p>\n<p><b>MK Solutions<\/b><br \/>\n<a href=\"https:\/\/g.co\/kgs\/1PjZUq\"><b>Birmingham<\/b><\/a><br \/>\n18 Haigh Crescent Apartments<br \/>\nBirmingham<br \/>\nB23 5UP<\/p>\n<p>[\/et_pb_text][\/et_pb_column][et_pb_column type=&#8221;1_6&#8243;][\/et_pb_column][et_pb_column type=&#8221;1_6&#8243;][\/et_pb_column][\/et_pb_row][\/et_pb_section]<\/p>\n","protected":false},"excerpt":{"rendered":"<p>[et_pb_section bb_built=&#8221;1&#8243; _builder_version=&#8221;3.22.7&#8243; background_color=&#8221;#e2d4b1&#8243; custom_padding=&#8221;||4px|||&#8221; next_background_color=&#8221;#000000&#8243; z_index_tablet=&#8221;500&#8243;][et_pb_row use_custom_gutter=&#8221;on&#8221; gutter_width=&#8221;1&#8243; custom_padding=&#8221;27px|0px|27px|0&#8243; custom_margin=&#8221;|auto|60px|auto||&#8221; module_class=&#8221; et_pb_row_fullwidth&#8221; _builder_version=&#8221;3.22.3&#8243; background_color=&#8221;#DBC296&#8243; background_size=&#8221;initial&#8221; background_position=&#8221;top_left&#8221; background_repeat=&#8221;repeat&#8221; width=&#8221;100%&#8221; width_tablet=&#8221;100%&#8221; width_last_edited=&#8221;on|desktop&#8221; max_width=&#8221;100%&#8221; max_width_tablet=&#8221;100%&#8221; max_width_last_edited=&#8221;on|desktop&#8221; module_alignment=&#8221;center&#8221; animation_style=&#8221;slide&#8221; animation_direction=&#8221;left&#8221; make_fullwidth=&#8221;on&#8221;][et_pb_column type=&#8221;4_4&#8243;][et_pb_text admin_label=&#8221;Instalacja komink\u00f3w Text&#8221; _builder_version=&#8221;3.22.7&#8243; header_font_size=&#8221;34px&#8221; header_text_shadow_style=&#8221;preset4&#8243; z_index_tablet=&#8221;500&#8243;] Instalacja komink\u00f3w [\/et_pb_text][\/et_pb_column][\/et_pb_row][et_pb_row custom_padding=&#8221;0px||36px|||&#8221; custom_margin=&#8221;|auto|-33px|auto||&#8221; module_id=&#8221;buildingwork&#8221; _builder_version=&#8221;3.22.3&#8243; background_size=&#8221;initial&#8221; background_position=&#8221;top_left&#8221; background_repeat=&#8221;repeat&#8221;][et_pb_column type=&#8221;4_4&#8243;][et_pb_text admin_label=&#8221;Instalacja komink\u00f3w to z\u0142o\u017cony proces Text&#8221; _builder_version=&#8221;3.22.7&#8243; custom_margin=&#8221;||-3px|||&#8221; [&hellip;]<\/p>\n","protected":false},"author":1,"featured_media":0,"parent":0,"menu_order":0,"comment_status":"closed","ping_status":"open","template":"","meta":{"_et_pb_use_builder":"on","_et_pb_old_content":"","_et_gb_content_width":""},"_links":{"self":[{"href":"https:\/\/fireplace-installation.co.uk\/pol\/wp-json\/wp\/v2\/pages\/651"}],"collection":[{"href":"https:\/\/fireplace-installation.co.uk\/pol\/wp-json\/wp\/v2\/pages"}],"about":[{"href":"https:\/\/fireplace-installation.co.uk\/pol\/wp-json\/wp\/v2\/types\/page"}],"author":[{"embeddable":true,"href":"https:\/\/fireplace-installation.co.uk\/pol\/wp-json\/wp\/v2\/users\/1"}],"replies":[{"embeddable":true,"href":"https:\/\/fireplace-installation.co.uk\/pol\/wp-json\/wp\/v2\/comments?post=651"}],"version-history":[{"count":21,"href":"https:\/\/fireplace-installation.co.uk\/pol\/wp-json\/wp\/v2\/pages\/651\/revisions"}],"predecessor-version":[{"id":2156,"href":"https:\/\/fireplace-installation.co.uk\/pol\/wp-json\/wp\/v2\/pages\/651\/revisions\/2156"}],"wp:attachment":[{"href":"https:\/\/fireplace-installation.co.uk\/pol\/wp-json\/wp\/v2\/media?parent=651"}],"curies":[{"name":"wp","href":"https:\/\/api.w.org\/{rel}","templated":true}]}}