{"id":944,"date":"2019-01-10T12:07:20","date_gmt":"2019-01-10T12:07:20","guid":{"rendered":"https:\/\/fireplace-installation.co.uk\/?page_id=944"},"modified":"2019-05-14T16:45:14","modified_gmt":"2019-05-14T15:45:14","slug":"galeria","status":"publish","type":"page","link":"https:\/\/fireplace-installation.co.uk\/pol\/galeria\/","title":{"rendered":"Galeria"},"content":{"rendered":"<p>[et_pb_section fb_built=&#8221;1&#8243; _builder_version=&#8221;3.22.7&#8243; background_color=&#8221;#e2d4b1&#8243; inner_width_tablet=&#8221;50px&#8221; inner_max_width_tablet=&#8221;50px&#8221; custom_padding=&#8221;75px|0px|30px|0px|false|false&#8221; bottom_divider_style=&#8221;slant2&#8243; bottom_divider_color=&#8221;#D4B17B&#8221; bottom_divider_height=&#8221;46px&#8221; z_index_tablet=&#8221;500&#8243;][et_pb_row use_custom_gutter=&#8221;on&#8221; gutter_width=&#8221;1&#8243; custom_padding=&#8221;10px|0px|0|0|false|false&#8221; module_class=&#8221; et_pb_row_fullwidth et_pb_row_fullwidth et_pb_row_fullwidth et_pb_row_fullwidth et_pb_row_fullwidth et_pb_row_fullwidth et_pb_row_fullwidth et_pb_row_fullwidth et_pb_row_fullwidth et_pb_row_fullwidth et_pb_row_fullwidth et_pb_row_fullwidth et_pb_row_fullwidth et_pb_row_fullwidth et_pb_row_fullwidth et_pb_row_fullwidth et_pb_row_fullwidth et_pb_row_fullwidth et_pb_row_fullwidth et_pb_row_fullwidth et_pb_row_fullwidth et_pb_row_fullwidth et_pb_row_fullwidth et_pb_row_fullwidth et_pb_row_fullwidth et_pb_row_fullwidth et_pb_row_fullwidth et_pb_row_fullwidth et_pb_row_fullwidth et_pb_row_fullwidth et_pb_row_fullwidth et_pb_row_fullwidth et_pb_row_fullwidth et_pb_row_fullwidth et_pb_row_fullwidth et_pb_row_fullwidth et_pb_row_fullwidth et_pb_row_fullwidth et_pb_row_fullwidth et_pb_row_fullwidth&#8221; _builder_version=&#8221;3.22.3&#8243; background_color=&#8221;#DBC296&#8243; background_size=&#8221;initial&#8221; background_position=&#8221;top_left&#8221; background_repeat=&#8221;repeat&#8221; width=&#8221;100%&#8221; width_tablet=&#8221;100%&#8221; width_last_edited=&#8221;on|desktop&#8221; max_width=&#8221;100%&#8221; max_width_tablet=&#8221;100%&#8221; max_width_last_edited=&#8221;on|desktop&#8221; module_alignment=&#8221;center&#8221; animation_style=&#8221;slide&#8221; animation_direction=&#8221;left&#8221; make_fullwidth=&#8221;on&#8221;][et_pb_column type=&#8221;4_4&#8243; _builder_version=&#8221;3.0.47&#8243;][et_pb_text admin_label=&#8221;Galeria Text&#8221; _builder_version=&#8221;3.22.6&#8243; header_font_size=&#8221;34px&#8221; header_text_shadow_style=&#8221;preset4&#8243; animation_style=&#8221;slide&#8221; animation_direction=&#8221;left&#8221; z_index_tablet=&#8221;500&#8243;]<\/p>\n<h1 style=\"text-align: center;\">Galeria<\/h1>\n<p>[\/et_pb_text][\/et_pb_column][\/et_pb_row][et_pb_row custom_padding=&#8221;10px|0px|0|0|false|false&#8221; module_class=&#8221; et_pb_row_fullwidth et_pb_row_fullwidth et_pb_row_fullwidth et_pb_row_fullwidth et_pb_row_fullwidth et_pb_row_fullwidth et_pb_row_fullwidth et_pb_row_fullwidth et_pb_row_fullwidth et_pb_row_fullwidth et_pb_row_fullwidth et_pb_row_fullwidth et_pb_row_fullwidth et_pb_row_fullwidth et_pb_row_fullwidth et_pb_row_fullwidth et_pb_row_fullwidth et_pb_row_fullwidth et_pb_row_fullwidth et_pb_row_fullwidth et_pb_row_fullwidth et_pb_row_fullwidth et_pb_row_fullwidth et_pb_row_fullwidth et_pb_row_fullwidth et_pb_row_fullwidth et_pb_row_fullwidth et_pb_row_fullwidth et_pb_row_fullwidth et_pb_row_fullwidth et_pb_row_fullwidth et_pb_row_fullwidth&#8221; _builder_version=&#8221;3.22.7&#8243; background_size=&#8221;initial&#8221; background_position=&#8221;top_left&#8221; background_repeat=&#8221;repeat&#8221; width=&#8221;100%&#8221; width_last_edited=&#8221;on|desktop&#8221; max_width=&#8221;100%&#8221; max_width_last_edited=&#8221;on|desktop&#8221; module_alignment=&#8221;center&#8221; animation_style=&#8221;slide&#8221; animation_direction=&#8221;left&#8221; z_index_tablet=&#8221;500&#8243; make_fullwidth=&#8221;on&#8221;][et_pb_column type=&#8221;4_4&#8243; _builder_version=&#8221;3.0.47&#8243;][et_pb_text admin_label=&#8221;Chcemy gor\u0105co podzi\u0119kowa\u0107 Naszym Klientom,  Text&#8221; _builder_version=&#8221;3.22.7&#8243; header_font_size=&#8221;34px&#8221; header_text_shadow_style=&#8221;preset4&#8243; text_orientation=&#8221;center&#8221; animation_style=&#8221;slide&#8221; animation_direction=&#8221;left&#8221; z_index_tablet=&#8221;500&#8243;]<\/p>\n<p>&nbsp;<\/p>\n<h3 style=\"text-align: center;\"><strong>Chcemy gor\u0105co podzi\u0119kowa\u0107 Naszym Klientom, kt\u00f3rzy pozwolili nam udost\u0119pni\u0107 zdj\u0119cia naszych prac zrobionych w ich domach.<\/strong><\/h3>\n<h3 style=\"text-align: center;\"><strong>Dzi\u0119ki temu mo\u017cemy z dum\u0105 pokaza\u0107 wszystkim najciekawsze pomys\u0142y, jakie maj\u0105 Nasi Klienci i to jak im to wykonali\u015bmy!<\/strong><\/h3>\n<h3 style=\"text-align: center;\"><strong>Dajcie nam zna\u0107, jak podobaj\u0105 si\u0119 Wam nasze instalacji komink\u00f3w w stylu klasycznym i nowoczesnym. <\/strong><\/h3>\n<h3 style=\"text-align: center;\"><strong>Kt\u00f3re s\u0105 Waszym zdaniem \u0142adniejsze?<\/strong><\/h3>\n<p>[\/et_pb_text][\/et_pb_column][\/et_pb_row][et_pb_row use_custom_gutter=&#8221;on&#8221; gutter_width=&#8221;1&#8243; custom_padding=&#8221;61px|0px|54px|0|false|false&#8221; module_class=&#8221; et_pb_row_fullwidth et_pb_row_fullwidth et_pb_row_fullwidth et_pb_row_fullwidth et_pb_row_fullwidth et_pb_row_fullwidth et_pb_row_fullwidth et_pb_row_fullwidth et_pb_row_fullwidth et_pb_row_fullwidth et_pb_row_fullwidth et_pb_row_fullwidth et_pb_row_fullwidth et_pb_row_fullwidth et_pb_row_fullwidth et_pb_row_fullwidth et_pb_row_fullwidth et_pb_row_fullwidth et_pb_row_fullwidth et_pb_row_fullwidth et_pb_row_fullwidth et_pb_row_fullwidth et_pb_row_fullwidth et_pb_row_fullwidth et_pb_row_fullwidth et_pb_row_fullwidth et_pb_row_fullwidth et_pb_row_fullwidth et_pb_row_fullwidth et_pb_row_fullwidth et_pb_row_fullwidth et_pb_row_fullwidth et_pb_row_fullwidth et_pb_row_fullwidth et_pb_row_fullwidth et_pb_row_fullwidth et_pb_row_fullwidth et_pb_row_fullwidth et_pb_row_fullwidth et_pb_row_fullwidth&#8221; _builder_version=&#8221;3.22.3&#8243; width=&#8221;100%&#8221; width_tablet=&#8221;100%&#8221; width_last_edited=&#8221;on|desktop&#8221; max_width=&#8221;100%&#8221; max_width_tablet=&#8221;100%&#8221; max_width_last_edited=&#8221;on|desktop&#8221; module_alignment=&#8221;center&#8221; animation_style=&#8221;slide&#8221; animation_direction=&#8221;left&#8221; make_fullwidth=&#8221;on&#8221;][et_pb_column type=&#8221;4_4&#8243; _builder_version=&#8221;3.0.47&#8243;][et_pb_gallery gallery_ids=&#8221;598,594,578,1822,1821,502,1771,1772,1773,1813,1774,1775,1776,1777,1787,1786,1778,1780,1781,1783,1784,1809,1790,1794,1800,1803,1802,1805,1836,1806,1844,1825,1830,1831,1832,1833,1840,1841,1842,1846,1847,1850,1854,1856,1861,1791,1874,1875&#8243; posts_number=&#8221;128&#8243; show_title_and_caption=&#8221;off&#8221; show_pagination=&#8221;off&#8221; zoom_icon_color=&#8221;#ffffff&#8221; hover_overlay_color=&#8221;rgba(0,0,0,0)&#8221; hover_icon=&#8221;%%51%%&#8221; _builder_version=&#8221;3.22.7&#8243; border_width_all=&#8221;9px&#8221; border_color_all=&#8221;rgba(224,153,0,0)&#8221; z_index_tablet=&#8221;500&#8243;][\/et_pb_gallery][\/et_pb_column][\/et_pb_row][et_pb_row custom_padding=&#8221;27px|0px|0|0px|false|false&#8221; _builder_version=&#8221;3.22.3&#8243; background_size=&#8221;initial&#8221; background_position=&#8221;top_left&#8221; background_repeat=&#8221;repeat&#8221;][et_pb_column type=&#8221;4_4&#8243; _builder_version=&#8221;3.0.47&#8243;][et_pb_comments _builder_version=&#8221;3.19.1&#8243; header_font=&#8221;||||||||&#8221; body_font=&#8221;||||||||&#8221; body_text_color=&#8221;#000000&#8243; form_field_font=&#8221;||||||||&#8221; form_field_text_color=&#8221;#000000&#8243; meta_font=&#8221;||||||||&#8221; meta_text_color=&#8221;#000000&#8243; custom_button=&#8221;on&#8221; button_text_color=&#8221;#ffffff&#8221; button_border_color=&#8221;#ffffff&#8221;]<br \/>\n[\/et_pb_comments][\/et_pb_column][\/et_pb_row][\/et_pb_section][et_pb_section fb_built=&#8221;1&#8243; _builder_version=&#8221;3.19.17&#8243; background_color=&#8221;#e2d4b1&#8243; custom_padding=&#8221;54px|0px|6px|0px|false|false&#8221; bottom_divider_style=&#8221;slant2&#8243; bottom_divider_color=&#8221;#D4B17B&#8221; bottom_divider_height=&#8221;46px&#8221; global_module=&#8221;1445&#8243;][et_pb_row custom_padding=&#8221;27px|0px|0|0px|false|false&#8221; padding_bottom_1=&#8221;22px&#8221; _builder_version=&#8221;3.22.3&#8243;][et_pb_column type=&#8221;4_4&#8243; _builder_version=&#8221;3.0.47&#8243;][et_pb_text admin_label=&#8221;Nasze oddzia\u0142y: Text&#8221; _builder_version=&#8221;3.19.17&#8243; background_color=&#8221;#DAC198&#8243; custom_margin=&#8221;|-20px||-20px&#8221; custom_padding=&#8221;10px|||10px&#8221;]<\/p>\n<h2>Nasze oddzia\u0142y:<\/h2>\n<p>[\/et_pb_text][\/et_pb_column][\/et_pb_row][et_pb_row _builder_version=&#8221;3.22.3&#8243; background_size=&#8221;initial&#8221; background_position=&#8221;top_left&#8221; background_repeat=&#8221;repeat&#8221;][et_pb_column type=&#8221;1_6&#8243; _builder_version=&#8221;3.0.47&#8243;][et_pb_text admin_label=&#8221;B33 9TN Text&#8221; _builder_version=&#8221;3.19.17&#8243;]<\/p>\n<p><b>MK Solutions<\/b><br \/>\n<a href=\"https:\/\/g.co\/kgs\/zhG56k\"><b>Birmingham<\/b><\/a><br \/>\n68 Fordfield Rd<br \/>\nBirmingham<br \/>\nB33 9TN<\/p>\n<p>[\/et_pb_text][\/et_pb_column][et_pb_column type=&#8221;1_6&#8243; _builder_version=&#8221;3.0.47&#8243;][et_pb_text admin_label=&#8221;B23 7RQ Text&#8221; _builder_version=&#8221;3.19.17&#8243;]<\/p>\n<p><b>MK Solutions<\/b><br \/>\n<a href=\"https:\/\/g.co\/kgs\/xGof1p\"><b>Birmingham<\/b><\/a><br \/>\n11 St Thomas&#8217; Rd<br \/>\nBirmingham<br \/>\nB23 7RQ<\/p>\n<p>[\/et_pb_text][\/et_pb_column][et_pb_column type=&#8221;1_6&#8243; _builder_version=&#8221;3.0.47&#8243;][et_pb_text admin_label=&#8221;WR5 1LF Text&#8221; _builder_version=&#8221;3.19.17&#8243;]<\/p>\n<p><b>MK Solutions<\/b><br \/>\n<a href=\"https:\/\/g.co\/kgs\/HLqHeB\"><b>Worcester<\/b><\/a><br \/>\n1 Dart Rd<br \/>\nWorcester<br \/>\nWR5 1LF<\/p>\n<p>[\/et_pb_text][\/et_pb_column][et_pb_column type=&#8221;1_6&#8243; _builder_version=&#8221;3.0.47&#8243;][et_pb_text admin_label=&#8221;B23 5UP Text&#8221; _builder_version=&#8221;3.19.17&#8243;]<\/p>\n<p><b>MK Solutions<\/b><br \/>\n<a href=\"https:\/\/g.co\/kgs\/1PjZUq\"><b>Birmingham<\/b><\/a><br \/>\n18 Haigh Crescent Apartments<br \/>\nBirmingham<br \/>\nB23 5UP<\/p>\n<p>[\/et_pb_text][\/et_pb_column][et_pb_column type=&#8221;1_6&#8243; _builder_version=&#8221;3.0.47&#8243;][\/et_pb_column][et_pb_column type=&#8221;1_6&#8243; _builder_version=&#8221;3.0.47&#8243;][\/et_pb_column][\/et_pb_row][\/et_pb_section]<\/p>\n","protected":false},"excerpt":{"rendered":"<p>[et_pb_section fb_built=&#8221;1&#8243; _builder_version=&#8221;3.22.7&#8243; background_color=&#8221;#e2d4b1&#8243; inner_width_tablet=&#8221;50px&#8221; inner_max_width_tablet=&#8221;50px&#8221; custom_padding=&#8221;75px|0px|30px|0px|false|false&#8221; bottom_divider_style=&#8221;slant2&#8243; bottom_divider_color=&#8221;#D4B17B&#8221; bottom_divider_height=&#8221;46px&#8221; z_index_tablet=&#8221;500&#8243;][et_pb_row use_custom_gutter=&#8221;on&#8221; gutter_width=&#8221;1&#8243; custom_padding=&#8221;10px|0px|0|0|false|false&#8221; module_class=&#8221; et_pb_row_fullwidth et_pb_row_fullwidth et_pb_row_fullwidth et_pb_row_fullwidth et_pb_row_fullwidth et_pb_row_fullwidth et_pb_row_fullwidth et_pb_row_fullwidth et_pb_row_fullwidth et_pb_row_fullwidth et_pb_row_fullwidth et_pb_row_fullwidth et_pb_row_fullwidth et_pb_row_fullwidth et_pb_row_fullwidth et_pb_row_fullwidth et_pb_row_fullwidth et_pb_row_fullwidth et_pb_row_fullwidth et_pb_row_fullwidth et_pb_row_fullwidth et_pb_row_fullwidth et_pb_row_fullwidth et_pb_row_fullwidth et_pb_row_fullwidth et_pb_row_fullwidth et_pb_row_fullwidth et_pb_row_fullwidth et_pb_row_fullwidth et_pb_row_fullwidth et_pb_row_fullwidth et_pb_row_fullwidth et_pb_row_fullwidth et_pb_row_fullwidth et_pb_row_fullwidth et_pb_row_fullwidth et_pb_row_fullwidth et_pb_row_fullwidth et_pb_row_fullwidth et_pb_row_fullwidth&#8221; [&hellip;]<\/p>\n","protected":false},"author":1,"featured_media":0,"parent":0,"menu_order":0,"comment_status":"open","ping_status":"open","template":"","meta":{"_et_pb_use_builder":"on","_et_pb_old_content":"","_et_gb_content_width":""},"_links":{"self":[{"href":"https:\/\/fireplace-installation.co.uk\/pol\/wp-json\/wp\/v2\/pages\/944"}],"collection":[{"href":"https:\/\/fireplace-installation.co.uk\/pol\/wp-json\/wp\/v2\/pages"}],"about":[{"href":"https:\/\/fireplace-installation.co.uk\/pol\/wp-json\/wp\/v2\/types\/page"}],"author":[{"embeddable":true,"href":"https:\/\/fireplace-installation.co.uk\/pol\/wp-json\/wp\/v2\/users\/1"}],"replies":[{"embeddable":true,"href":"https:\/\/fireplace-installation.co.uk\/pol\/wp-json\/wp\/v2\/comments?post=944"}],"version-history":[{"count":47,"href":"https:\/\/fireplace-installation.co.uk\/pol\/wp-json\/wp\/v2\/pages\/944\/revisions"}],"predecessor-version":[{"id":1941,"href":"https:\/\/fireplace-installation.co.uk\/pol\/wp-json\/wp\/v2\/pages\/944\/revisions\/1941"}],"wp:attachment":[{"href":"https:\/\/fireplace-installation.co.uk\/pol\/wp-json\/wp\/v2\/media?parent=944"}],"curies":[{"name":"wp","href":"https:\/\/api.w.org\/{rel}","templated":true}]}}